{"id":13018,"date":"2021-12-10T10:13:43","date_gmt":"2021-12-10T08:13:43","guid":{"rendered":"https:\/\/gedenkstaette-salzgitter.de\/?page_id=13018"},"modified":"2021-12-10T10:14:01","modified_gmt":"2021-12-10T08:14:01","slug":"espanol-2","status":"publish","type":"page","link":"https:\/\/gedenkstaette-salzgitter.de\/es\/","title":{"rendered":"espa\u00f1ol"},"content":{"rendered":"<hr width=\"300\" size=\"1\" noshade=\"noshade\" align=\"left\">\n<h2><a title=\"Memorial y centro de documentaci\u00f3n del Campo de concentraci\u00f3n Dr\u00fctte\" href=\"https:\/\/gedenkstaette-salzgitter.de\/espanol\/memorial-y-centro-de-documentacion-del-campo-de-concentracion-drutte\/\"><strong>Memorial y centro de documentaci\u00f3n<br \/>\ndel Campo de concentraci\u00f3n Dr\u00fctte<\/strong><\/a><\/h2>\n<div id='gallery-1' class='gallery galleryid-13018 gallery-columns-4 gallery-size-thumbnail'><figure class='gallery-item'>\n\t\t\t<div class='gallery-icon landscape'>\n\t\t\t\t<a href='https:\/\/gedenkstaette-salzgitter.de\/wp-content\/uploads\/2014\/02\/GD-Druette_Modell.jpg' rel=\"lightbox[13018]\"><img loading=\"lazy\" decoding=\"async\" width=\"150\" height=\"150\" src=\"https:\/\/gedenkstaette-salzgitter.de\/wp-content\/uploads\/2014\/02\/GD-Druette_Modell-150x150.jpg\" class=\"attachment-thumbnail size-thumbnail\" alt=\"\" \/><\/a>\n\t\t\t<\/div><\/figure><figure class='gallery-item'>\n\t\t\t<div class='gallery-icon landscape'>\n\t\t\t\t<a href='https:\/\/gedenkstaette-salzgitter.de\/wp-content\/uploads\/2013\/11\/Luftbild-Hochstrasse-04-1945.jpg' rel=\"lightbox[13018]\"><img loading=\"lazy\" decoding=\"async\" width=\"150\" height=\"150\" src=\"https:\/\/gedenkstaette-salzgitter.de\/wp-content\/uploads\/2013\/11\/Luftbild-Hochstrasse-04-1945-150x150.jpg\" class=\"attachment-thumbnail size-thumbnail\" alt=\"\" srcset=\"https:\/\/gedenkstaette-salzgitter.de\/wp-content\/uploads\/2013\/11\/Luftbild-Hochstrasse-04-1945-150x150.jpg 150w, https:\/\/gedenkstaette-salzgitter.de\/wp-content\/uploads\/2013\/11\/Luftbild-Hochstrasse-04-1945-300x300.jpg 300w, https:\/\/gedenkstaette-salzgitter.de\/wp-content\/uploads\/2013\/11\/Luftbild-Hochstrasse-04-1945.jpg 600w\" sizes=\"auto, (max-width: 150px) 100vw, 150px\" \/><\/a>\n\t\t\t<\/div><\/figure><figure class='gallery-item'>\n\t\t\t<div class='gallery-icon landscape'>\n\t\t\t\t<a href='https:\/\/gedenkstaette-salzgitter.de\/wp-content\/uploads\/2013\/07\/GD_innen_600web.jpg' rel=\"lightbox[13018]\"><img loading=\"lazy\" decoding=\"async\" width=\"150\" height=\"150\" src=\"https:\/\/gedenkstaette-salzgitter.de\/wp-content\/uploads\/2013\/07\/GD_innen_600web-150x150.jpg\" class=\"attachment-thumbnail size-thumbnail\" alt=\"\" \/><\/a>\n\t\t\t<\/div><\/figure><figure class='gallery-item'>\n\t\t\t<div class='gallery-icon landscape'>\n\t\t\t\t<a href='https:\/\/gedenkstaette-salzgitter.de\/wp-content\/uploads\/2013\/07\/GD_Hochstra\u00dfe-Kurve.jpg' rel=\"lightbox[13018]\"><img loading=\"lazy\" decoding=\"async\" width=\"150\" height=\"150\" src=\"https:\/\/gedenkstaette-salzgitter.de\/wp-content\/uploads\/2013\/07\/GD_Hochstra\u00dfe-Kurve-150x150.jpg\" class=\"attachment-thumbnail size-thumbnail\" alt=\"\" \/><\/a>\n\t\t\t<\/div><\/figure>\n\t\t<\/div>\n\n<hr width=\"300\" size=\"1\" noshade=\"noshade\" align=\"left\">\n<h2><a title=\"\u201cCementerio para extranjeros Jammertal\u201d, Salzgitter-Lebenstedt\" href=\"https:\/\/gedenkstaette-salzgitter.de\/espanol\/cementerio-para-extranjeros-jammertal-en-salzgitter-lebenstedt\/\"><strong>Cementerio para extranjeros Jammertal<\/strong><\/a><\/h2>\n<div id='gallery-2' class='gallery galleryid-13018 gallery-columns-4 gallery-size-thumbnail'><figure class='gallery-item'>\n\t\t\t<div class='gallery-icon landscape'>\n\t\t\t\t<a href='https:\/\/gedenkstaette-salzgitter.de\/wp-content\/uploads\/2014\/10\/FH-Jammertal_Beerdigung-1943.jpg' rel=\"lightbox[13018]\"><img loading=\"lazy\" decoding=\"async\" width=\"150\" height=\"150\" src=\"https:\/\/gedenkstaette-salzgitter.de\/wp-content\/uploads\/2014\/10\/FH-Jammertal_Beerdigung-1943-150x150.jpg\" class=\"attachment-thumbnail size-thumbnail\" alt=\"\" \/><\/a>\n\t\t\t<\/div><\/figure><figure class='gallery-item'>\n\t\t\t<div class='gallery-icon portrait'>\n\t\t\t\t<a href='https:\/\/gedenkstaette-salzgitter.de\/wp-content\/uploads\/2014\/10\/Namensb\u00fccher-aus-Stahl.jpg' rel=\"lightbox[13018]\"><img loading=\"lazy\" decoding=\"async\" width=\"150\" height=\"150\" src=\"https:\/\/gedenkstaette-salzgitter.de\/wp-content\/uploads\/2014\/10\/Namensb\u00fccher-aus-Stahl-150x150.jpg\" class=\"attachment-thumbnail size-thumbnail\" alt=\"\" \/><\/a>\n\t\t\t<\/div><\/figure><figure class='gallery-item'>\n\t\t\t<div class='gallery-icon landscape'>\n\t\t\t\t<a href='https:\/\/gedenkstaette-salzgitter.de\/wp-content\/uploads\/2014\/10\/Grabplatte.jpg' rel=\"lightbox[13018]\"><img loading=\"lazy\" decoding=\"async\" width=\"150\" height=\"150\" src=\"https:\/\/gedenkstaette-salzgitter.de\/wp-content\/uploads\/2014\/10\/Grabplatte-150x150.jpg\" class=\"attachment-thumbnail size-thumbnail\" alt=\"\" \/><\/a>\n\t\t\t<\/div><\/figure><figure class='gallery-item'>\n\t\t\t<div class='gallery-icon landscape'>\n\t\t\t\t<a href='https:\/\/gedenkstaette-salzgitter.de\/wp-content\/uploads\/2014\/10\/FH-Jammertal_Gedenksteine.jpg' rel=\"lightbox[13018]\"><img loading=\"lazy\" decoding=\"async\" width=\"150\" height=\"150\" src=\"https:\/\/gedenkstaette-salzgitter.de\/wp-content\/uploads\/2014\/10\/FH-Jammertal_Gedenksteine-150x150.jpg\" class=\"attachment-thumbnail size-thumbnail\" alt=\"\" \/><\/a>\n\t\t\t<\/div><\/figure>\n\t\t<\/div>\n\n","protected":false},"excerpt":{"rendered":"<p>Memorial y centro de documentaci\u00f3n del Campo de concentraci\u00f3n Dr\u00fctte Cementerio para extranjeros Jammertal<\/p>\n","protected":false},"author":7,"featured_media":0,"parent":0,"menu_order":0,"comment_status":"closed","ping_status":"closed","template":"","meta":{"_editorskit_title_hidden":false,"_editorskit_reading_time":1,"_editorskit_is_block_options_detached":false,"_editorskit_block_options_position":"{}","site-sidebar-layout":"default","site-content-layout":"default","ast-site-content-layout":"default","site-content-style":"default","site-sidebar-style":"default","ast-global-header-display":"","ast-banner-title-visibility":"","ast-main-header-display":"","ast-hfb-above-header-display":"","ast-hfb-below-header-display":"","ast-hfb-mobile-header-display":"","site-post-title":"","ast-breadcrumbs-content":"","ast-featured-img":"","footer-sml-layout":"","ast-disable-related-posts":"","theme-transparent-header-meta":"default","adv-header-id-meta":"","stick-header-meta":"","header-above-stick-meta":"","header-main-stick-meta":"","header-below-stick-meta":"","astra-migrate-meta-layouts":"default","ast-page-background-enabled":"default","ast-page-background-meta":{"desktop":{"background-color":"","background-image":"","background-repeat":"repeat","background-position":"center center","background-size":"auto","background-attachment":"scroll","background-type":"","background-media":"","overlay-type":"","overlay-color":"","overlay-opacity":"","overlay-gradient":""},"tablet":{"background-color":"","background-image":"","background-repeat":"repeat","background-position":"center center","background-size":"auto","background-attachment":"scroll","background-type":"","background-media":"","overlay-type":"","overlay-color":"","overlay-opacity":"","overlay-gradient":""},"mobile":{"background-color":"","background-image":"","background-repeat":"repeat","background-position":"center center","background-size":"auto","background-attachment":"scroll","background-type":"","background-media":"","overlay-type":"","overlay-color":"","overlay-opacity":"","overlay-gradient":""}},"ast-content-background-meta":{"desktop":{"background-color":"var(--ast-global-color-5)","background-image":"","background-repeat":"repeat","background-position":"center center","background-size":"auto","background-attachment":"scroll","background-type":"","background-media":"","overlay-type":"","overlay-color":"","overlay-opacity":"","overlay-gradient":""},"tablet":{"background-color":"var(--ast-global-color-5)","background-image":"","background-repeat":"repeat","background-position":"center center","background-size":"auto","background-attachment":"scroll","background-type":"","background-media":"","overlay-type":"","overlay-color":"","overlay-opacity":"","overlay-gradient":""},"mobile":{"background-color":"var(--ast-global-color-5)","background-image":"","background-repeat":"repeat","background-position":"center center","background-size":"auto","background-attachment":"scroll","background-type":"","background-media":"","overlay-type":"","overlay-color":"","overlay-opacity":"","overlay-gradient":""}},"footnotes":""},"class_list":["post-13018","page","type-page","status-publish","hentry"],"_links":{"self":[{"href":"https:\/\/gedenkstaette-salzgitter.de\/es\/wp-json\/wp\/v2\/pages\/13018","targetHints":{"allow":["GET"]}}],"collection":[{"href":"https:\/\/gedenkstaette-salzgitter.de\/es\/wp-json\/wp\/v2\/pages"}],"about":[{"href":"https:\/\/gedenkstaette-salzgitter.de\/es\/wp-json\/wp\/v2\/types\/page"}],"author":[{"embeddable":true,"href":"https:\/\/gedenkstaette-salzgitter.de\/es\/wp-json\/wp\/v2\/users\/7"}],"replies":[{"embeddable":true,"href":"https:\/\/gedenkstaette-salzgitter.de\/es\/wp-json\/wp\/v2\/comments?post=13018"}],"version-history":[{"count":1,"href":"https:\/\/gedenkstaette-salzgitter.de\/es\/wp-json\/wp\/v2\/pages\/13018\/revisions"}],"predecessor-version":[{"id":13019,"href":"https:\/\/gedenkstaette-salzgitter.de\/es\/wp-json\/wp\/v2\/pages\/13018\/revisions\/13019"}],"wp:attachment":[{"href":"https:\/\/gedenkstaette-salzgitter.de\/es\/wp-json\/wp\/v2\/media?parent=13018"}],"curies":[{"name":"wp","href":"https:\/\/api.w.org\/{rel}","templated":true}]}}